{"id":499,"date":"2023-12-20T08:03:19","date_gmt":"2023-12-20T08:03:19","guid":{"rendered":"https:\/\/selmercapital.no\/investments\/real-estate\/vaekeroveien\/"},"modified":"2024-01-04T15:49:04","modified_gmt":"2024-01-04T15:49:04","slug":"vaekeroveien","status":"publish","type":"page","link":"https:\/\/selmercapital.no\/en\/investments\/real-estate\/vaekeroveien\/","title":{"rendered":"V\u00e6ker\u00f8veien"},"content":{"rendered":"\n<div class=\"wp-block-stackable-columns alignwide stk-block-columns stk-block stk-c736de2\" data-block-id=\"c736de2\"><style>.stk-c736de2 .stk--block-align-c736de2{align-items:center !important}.stk-c736de2{margin-top:50px !important;margin-bottom:100px !important}<\/style><div class=\"stk-row stk-inner-blocks stk--block-align-c736de2 stk-block-content stk-content-align stk-c736de2-column alignwide\">\n<div class=\"wp-block-stackable-column stk-block-column stk-column stk-block stk-16e8449\" data-v=\"4\" data-block-id=\"16e8449\"><div class=\"stk-column-wrapper stk-block-column__content stk-container stk-16e8449-container stk--no-background stk--no-padding\"><div class=\"stk-block-content stk-inner-blocks stk-16e8449-inner-blocks\">\n<div class=\"wp-block-stackable-heading stk-block-heading stk-block-heading--v2 stk-block stk-6e41c47\" id=\"vaekeroveien\" data-block-id=\"6e41c47\"><style>@media screen and (max-width:689px){.stk-6e41c47 .stk-block-heading__text{font-size:28px !important}}<\/style><h1 class=\"stk-block-heading__text\">V\u00e6ker\u00f8veien<\/h1><\/div>\n\n\n\n<div class=\"wp-block-stackable-text stk-block-text stk-block stk-2d10edd\" data-block-id=\"2d10edd\"><p class=\"stk-block-text__text\">Commercial premises in residential area at R\u00f8a.<\/p><\/div>\n\n\n\n<div class=\"wp-block-stackable-icon-list stk-block-icon-list stk-block stk-0c4e3b4\" data-block-id=\"0c4e3b4\"><style>.stk-0c4e3b4 ul li{list-style-image:url('data:image\/svg+xml;base64,PHN2ZyBkYXRhLXByZWZpeD0iZmFzIiBkYXRhLWljb249ImFycm93LXJpZ2h0IiBjbGFzcz0ic3ZnLWlubGluZS0tZmEgZmEtYXJyb3ctcmlnaHQgZmEtdy0xNCIgcm9sZT0iaW1nIiB4bWxucz0iaHR0cDovL3d3dy53My5vcmcvMjAwMC9zdmciIHZpZXdCb3g9IjAgMCA0NDggNTEyIiBzdHlsZT0iZmlsbDogIzY1YTM3YiAhaW1wb3J0YW50OyBjb2xvcjogIzY1YTM3YiAhaW1wb3J0YW50O3RyYW5zZm9ybTogcm90YXRlKGRlZykgIWltcG9ydGFudDsiPjxwYXRoIGZpbGw9IiM2NWEzN2IiIGQ9Ik0xOTAuNSA2Ni45bDIyLjItMjIuMmM5LjQtOS40IDI0LjYtOS40IDMzLjkgMEw0NDEgMjM5YzkuNCA5LjQgOS40IDI0LjYgMCAzMy45TDI0Ni42IDQ2Ny4zYy05LjQgOS40LTI0LjYgOS40LTMzLjkgMGwtMjIuMi0yMi4yYy05LjUtOS41LTkuMy0yNSAuNC0zNC4zTDMxMS40IDI5NkgyNGMtMTMuMyAwLTI0LTEwLjctMjQtMjR2LTMyYzAtMTMuMyAxMC43LTI0IDI0LTI0aDI4Ny40TDE5MC45IDEwMS4yYy05LjgtOS4zLTEwLTI0LjgtLjQtMzQuM3oiIHN0cm9rZT0iIzY1YTM3YiIgc3R5bGU9ImZpbGw6IHJnYigxMDEsIDE2MywgMTIzKTsgc3Ryb2tlOiByZ2IoMTAxLCAxNjMsIDEyMyk7Ii8+PC9zdmc+') !important}.stk-0c4e3b4 li::marker{color:#65a37b !important;font-size:1.5em !important}<\/style><ul><li><strong>ADDRESS:<\/strong> V\u00e6ker\u00f8veien 234<\/li><li><strong>LOCATION: <\/strong>R\u00f8a<\/li><li><strong>OWNERSHIP SHARE:<\/strong>&nbsp;50%<\/li><li><strong>BUILDING AREA: <\/strong>900 square meters<\/li><li><strong>STATUS:<\/strong> Leased<\/li><\/ul><\/div>\n<\/div><\/div><\/div>\n\n\n\n<div class=\"wp-block-stackable-column stk-block-column stk-column stk-block stk-dd9df16\" data-v=\"4\" data-block-id=\"dd9df16\"><div class=\"stk-column-wrapper stk-block-column__content stk-container stk-dd9df16-container stk--no-background stk--no-padding\"><div class=\"stk-block-content stk-inner-blocks stk-dd9df16-inner-blocks\">\n<div class=\"wp-block-stackable-image stk-block-image stk-block stk-252903f\" data-block-id=\"252903f\"><figure><span class=\"stk-img-wrapper stk-image--shape-stretch\"><img loading=\"lazy\" decoding=\"async\" class=\"stk-img wp-image-330\" src=\"https:\/\/selmercapital.no\/wp-content\/uploads\/2023\/12\/Eiendom_Vaekeroveien-1.webp\" width=\"1200\" height=\"668\" alt=\"Eiendom - V\u00e6ker\u00f8veien\" srcset=\"https:\/\/selmercapital.no\/wp-content\/uploads\/2023\/12\/Eiendom_Vaekeroveien-1.webp 1200w, https:\/\/selmercapital.no\/wp-content\/uploads\/2023\/12\/Eiendom_Vaekeroveien-1-300x167.webp 300w, https:\/\/selmercapital.no\/wp-content\/uploads\/2023\/12\/Eiendom_Vaekeroveien-1-1024x570.webp 1024w, https:\/\/selmercapital.no\/wp-content\/uploads\/2023\/12\/Eiendom_Vaekeroveien-1-768x428.webp 768w\" sizes=\"auto, (max-width: 1200px) 100vw, 1200px\" \/><\/span><\/figure><\/div>\n\n\n\n<p class=\"has-text-align-right has-small-font-size\" data-block-type=\"core\"><em>Photo: Google<\/em><\/p>\n<\/div><\/div><\/div>\n<\/div><\/div>\n\n\n\n<div class=\"wp-block-stackable-columns alignwide stk-block-columns stk-block stk-59ccf9e stk-block-background\" data-block-id=\"59ccf9e\"><style>.stk-59ccf9e{background-color:#ecebe5 !important;min-height:200px !important;align-items:center !important;margin-bottom:100px !important;display:flex !important}.stk-59ccf9e:before{background-color:#ecebe5 !important}<\/style><div class=\"stk-row stk-inner-blocks stk-block-content stk-content-align stk-59ccf9e-column alignwide\">\n<div class=\"wp-block-stackable-column stk-block-column stk-column stk-block stk-72686c1\" data-v=\"4\" data-block-id=\"72686c1\"><div class=\"stk-column-wrapper stk-block-column__content stk-container stk-72686c1-container stk--no-background stk--no-padding\"><div class=\"stk-block-content stk-inner-blocks stk-72686c1-inner-blocks\">\n<div class=\"wp-block-stackable-heading stk-block-heading stk-block-heading--v2 stk-block stk-a463cbc\" id=\"description\" data-block-id=\"a463cbc\"><style>.stk-a463cbc{margin-bottom:0px !important}.stk-a463cbc .stk-block-heading__text{background-image:linear-gradient(currentColor 0%,currentColor 100%) !important}.stk-a463cbc .stk-block-heading__top-line{background-color:#f28e18 !important;margin-left:auto !important;margin-right:auto !important}<\/style><h2 class=\"stk-block-heading__text stk--is-gradient\">Description<\/h2><\/div>\n<\/div><\/div><\/div>\n\n\n\n<div class=\"wp-block-stackable-column stk-block-column stk-column stk-block stk-2c595f8\" data-v=\"4\" data-block-id=\"2c595f8\"><div class=\"stk-column-wrapper stk-block-column__content stk-container stk-2c595f8-container stk--no-background stk--no-padding\"><div class=\"stk-block-content stk-inner-blocks stk-2c595f8-inner-blocks\">\n<p data-block-type=\"core\">Commercial spaces are leased to Empet AS. A modern commercial property in a quiet residential area, in close proximity to R\u00f8a center.<\/p>\n<\/div><\/div><\/div>\n<\/div><\/div>\n\n\n\n<div class=\"wp-block-stackable-columns stk-block-columns stk-block stk-419989e\" data-block-id=\"419989e\"><style>.stk-419989e{margin-bottom:100px !important}<\/style><div class=\"stk-row stk-inner-blocks stk-block-content stk-content-align stk-419989e-column\">\n<div class=\"wp-block-stackable-column stk-block-column stk-column stk-block stk-da84467\" data-v=\"4\" data-block-id=\"da84467\"><div class=\"stk-column-wrapper stk-block-column__content stk-container stk-da84467-container stk--no-background stk--no-padding\"><div class=\"stk-block-content stk-inner-blocks stk-da84467-inner-blocks\">\n<div class=\"wp-block-stackable-heading stk-block-heading stk-block-heading--v2 stk-block stk-f73fe20\" id=\"investeringer\" data-block-id=\"f73fe20\"><h2 class=\"stk-block-heading__text\">Investeringer<\/h2><\/div>\n\n\n<!-- Gridbuilder \u1d42\u1d3e Plugin (https:\/\/wpgridbuilder.com) -->\n<div class=\"wp-grid-builder wpgb-grid-2\" data-options=\"{&quot;id&quot;:2,&quot;type&quot;:&quot;masonry&quot;,&quot;source&quot;:&quot;post_type&quot;,&quot;loader&quot;:0,&quot;layout&quot;:&quot;vertical&quot;,&quot;reveal&quot;:0,&quot;isMainQuery&quot;:false,&quot;lazyLoad&quot;:0,&quot;cardSizes&quot;:{&quot;9999&quot;:{&quot;columns&quot;:2,&quot;height&quot;:240,&quot;gutter&quot;:25,&quot;ratio&quot;:&quot;1.33333&quot;},&quot;1200&quot;:{&quot;columns&quot;:2,&quot;height&quot;:240,&quot;gutter&quot;:25,&quot;ratio&quot;:&quot;1.33333&quot;},&quot;992&quot;:{&quot;columns&quot;:2,&quot;height&quot;:220,&quot;gutter&quot;:25,&quot;ratio&quot;:&quot;1.33333&quot;},&quot;768&quot;:{&quot;columns&quot;:2,&quot;height&quot;:220,&quot;gutter&quot;:25,&quot;ratio&quot;:&quot;1.33333&quot;},&quot;576&quot;:{&quot;columns&quot;:1,&quot;height&quot;:200,&quot;gutter&quot;:25,&quot;ratio&quot;:&quot;1.33333&quot;},&quot;320&quot;:{&quot;columns&quot;:1,&quot;height&quot;:200,&quot;gutter&quot;:25,&quot;ratio&quot;:&quot;1.33333&quot;}},&quot;fitRows&quot;:0,&quot;equalRows&quot;:0,&quot;equalColumns&quot;:1,&quot;fillLastRow&quot;:0,&quot;centerLastRow&quot;:0,&quot;horizontalOrder&quot;:0,&quot;fullWidth&quot;:0,&quot;transitionDelay&quot;:100,&quot;gallerySlideshow&quot;:0,&quot;rowsNumber&quot;:1,&quot;slideAlign&quot;:&quot;left&quot;,&quot;groupCells&quot;:1,&quot;draggable&quot;:1,&quot;initialIndex&quot;:0,&quot;contain&quot;:0,&quot;freeScroll&quot;:0,&quot;freeFriction&quot;:&quot;0.075&quot;,&quot;friction&quot;:&quot;0.285&quot;,&quot;attraction&quot;:&quot;0.025&quot;,&quot;autoPlay&quot;:0,&quot;pageDotAriaLabel&quot;:&quot;Page dot %d&quot;,&quot;isPreview&quot;:false,&quot;isGutenberg&quot;:false,&quot;rightToLeft&quot;:false}\"><div class=\"wpgb-svg-icons\" hidden>\n\t<svg viewBox=\"0 0 120 24\" width=\"0\" height=\"0\">\n\t<defs>\n        <polygon id=\"wpgb-star-svg\" points=\"12 2.5 15.1 8.8 22 9.8 17 14.6 18.2 21.5 12 18.3 5.8 21.5 7 14.6 2 9.8 8.9 8.8\"><\/polygon>\n    <\/defs>\n    <symbol id=\"wpgb-rating-stars-svg\">\n        <use xlink:href=\"#wpgb-star-svg\"><\/use>\n        <use xlink:href=\"#wpgb-star-svg\" x=\"24\"><\/use>\n        <use xlink:href=\"#wpgb-star-svg\" x=\"48\"><\/use>\n        <use xlink:href=\"#wpgb-star-svg\" x=\"72\"><\/use>\n        <use xlink:href=\"#wpgb-star-svg\" x=\"96\"><\/use>\n    <\/symbol>\n<\/svg>\n<\/div>\n<div class=\"wpgb-wrapper\">\n\t<div class=\"wpgb-main\">\n\t<div class=\"wpgb-layout\">\n\t<div class=\"wpgb-viewport\">\n\t\t<div class=\"wpgb-masonry\">\n\t\t\t<article class=\"wpgb-card wpgb-card-26 wpgb-post-226\" data-col=\"1\" data-row=\"1\" data-format=\"standard\"><div class=\"wpgb-card-wrapper\"><div class=\"wpgb-card-inner\" data-action><div class=\"wpgb-card-media wpgb-scheme-light\"><svg data-ratio style=\"padding-top:56.25%\" viewBox=\"0 0 16 9\"><\/svg><div class=\"wpgb-card-media-thumbnail\"><a href=\"https:\/\/selmercapital.no\/wp-content\/uploads\/2023\/12\/bukk-burdock.webp\" tabindex=\"-1\" class=\"wpgb-handle-lb wpgb-lightbox\" data-type=\"image\" data-rel=\"2\" data-title=\"bukk-burdock\" title=\"Enlarge photo\"><div style=\"background-image:url(https:\/\/selmercapital.no\/wp-content\/uploads\/2023\/12\/bukk-burdock-1024x683.webp)\"><\/div><noscript><img loading=\"lazy\" decoding=\"async\" class=\"wpgb-noscript-img\" src=\"https:\/\/selmercapital.no\/wp-content\/uploads\/2023\/12\/bukk-burdock-1024x683.webp\" alt=\"\" height=\"683\" width=\"1024\"><\/noscript><\/a><\/div><\/div><div class=\"wpgb-card-content wpgb-scheme-dark\"><div class=\"wpgb-card-body\"><h3 class=\"wpgb-block-3 wpgb-idle-scheme-1\"><a href=\"https:\/\/selmercapital.no\/en\/investments\/companies\/\">Companies<\/a><\/h3><div class=\"wpgb-block-2 wpgb-idle-scheme-2\"><svg><use xlink:href=\"https:\/\/selmercapital.no\/wp-content\/plugins\/wp-grid-builder\/public\/svg\/arrows\/tail-right.svg#wpgb-icon\"\/><\/svg><\/div><\/div><\/div><a class=\"wpgb-card-layer-link\" aria-label=\"Single post\" href=\"https:\/\/selmercapital.no\/en\/investments\/companies\/\"><\/a><\/div><\/div><\/article><article class=\"wpgb-card wpgb-card-26 wpgb-post-228\" data-col=\"1\" data-row=\"1\" data-format=\"standard\"><div class=\"wpgb-card-wrapper\"><div class=\"wpgb-card-inner\" data-action><div class=\"wpgb-card-media wpgb-scheme-light\"><svg data-ratio style=\"padding-top:56.25%\" viewBox=\"0 0 16 9\"><\/svg><div class=\"wpgb-card-media-thumbnail\"><a href=\"https:\/\/selmercapital.no\/wp-content\/uploads\/2023\/12\/eiendom.webp\" tabindex=\"-1\" class=\"wpgb-handle-lb wpgb-lightbox\" data-type=\"image\" data-rel=\"2\" data-title=\"eiendom\" title=\"Enlarge photo\"><div style=\"background-image:url(https:\/\/selmercapital.no\/wp-content\/uploads\/2023\/12\/eiendom-1024x843.webp)\"><\/div><noscript><img loading=\"lazy\" decoding=\"async\" class=\"wpgb-noscript-img\" src=\"https:\/\/selmercapital.no\/wp-content\/uploads\/2023\/12\/eiendom-1024x843.webp\" alt=\"Eiendomsprosjekt\" height=\"843\" width=\"1024\"><\/noscript><\/a><\/div><\/div><div class=\"wpgb-card-content wpgb-scheme-dark\"><div class=\"wpgb-card-body\"><h3 class=\"wpgb-block-3 wpgb-idle-scheme-1\"><a href=\"https:\/\/selmercapital.no\/en\/investments\/real-estate\/\">Real estate<\/a><\/h3><div class=\"wpgb-block-2 wpgb-idle-scheme-2\"><svg><use xlink:href=\"https:\/\/selmercapital.no\/wp-content\/plugins\/wp-grid-builder\/public\/svg\/arrows\/tail-right.svg#wpgb-icon\"\/><\/svg><\/div><\/div><\/div><a class=\"wpgb-card-layer-link\" aria-label=\"Single post\" href=\"https:\/\/selmercapital.no\/en\/investments\/real-estate\/\"><\/a><\/div><\/div><\/article>\t\t<\/div>\n\t<\/div>\n\t<\/div>\n\t<\/div>\n\t\t<\/div>\n<\/div>\n<\/div><\/div><\/div>\n<\/div><\/div>\n\n\n\n<div class=\"wp-block-stackable-columns stk-block-columns stk-block stk-846a82f\" data-block-id=\"846a82f\"><div class=\"stk-row stk-inner-blocks stk-block-content stk-content-align stk-846a82f-column\">\n<div class=\"wp-block-stackable-column stk-block-column stk-column stk-block stk-c7f5fda\" data-v=\"4\" data-block-id=\"c7f5fda\"><div class=\"stk-column-wrapper stk-block-column__content stk-container stk-c7f5fda-container stk--no-background stk--no-padding\"><div class=\"stk-block-content stk-inner-blocks stk-c7f5fda-inner-blocks\">\n<hr class=\"wp-block-separator has-alpha-channel-opacity\"\/ data-block-type=\"core\">\n<\/div><\/div><\/div>\n<\/div><\/div>\n","protected":false},"excerpt":{"rendered":"<p>Commercial premises in residential area at R\u00f8a.<\/p>\n","protected":false},"author":2,"featured_media":331,"parent":228,"menu_order":0,"comment_status":"closed","ping_status":"closed","template":"","meta":{"_seopress_robots_primary_cat":"","_seopress_titles_title":"","_seopress_titles_desc":"N\u00e6ringslokaler i boligomr\u00e5de p\u00e5 R\u00f8a.","_seopress_robots_index":"","footnotes":""},"sorting-category":[14],"class_list":["post-499","page","type-page","status-publish","has-post-thumbnail","hentry"],"blocksy_meta":[],"meta_box":{"sett_inn_logo":[]},"_links":{"self":[{"href":"https:\/\/selmercapital.no\/en\/wp-json\/wp\/v2\/pages\/499","targetHints":{"allow":["GET"]}}],"collection":[{"href":"https:\/\/selmercapital.no\/en\/wp-json\/wp\/v2\/pages"}],"about":[{"href":"https:\/\/selmercapital.no\/en\/wp-json\/wp\/v2\/types\/page"}],"author":[{"embeddable":true,"href":"https:\/\/selmercapital.no\/en\/wp-json\/wp\/v2\/users\/2"}],"replies":[{"embeddable":true,"href":"https:\/\/selmercapital.no\/en\/wp-json\/wp\/v2\/comments?post=499"}],"version-history":[{"count":0,"href":"https:\/\/selmercapital.no\/en\/wp-json\/wp\/v2\/pages\/499\/revisions"}],"up":[{"embeddable":true,"href":"https:\/\/selmercapital.no\/en\/wp-json\/wp\/v2\/pages\/228"}],"wp:featuredmedia":[{"embeddable":true,"href":"https:\/\/selmercapital.no\/en\/wp-json\/wp\/v2\/media\/331"}],"wp:attachment":[{"href":"https:\/\/selmercapital.no\/en\/wp-json\/wp\/v2\/media?parent=499"}],"wp:term":[{"taxonomy":"sorting-category","embeddable":true,"href":"https:\/\/selmercapital.no\/en\/wp-json\/wp\/v2\/sorting-category?post=499"}],"curies":[{"name":"wp","href":"https:\/\/api.w.org\/{rel}","templated":true}]}}